{"id":205,"date":"2016-03-23T13:45:17","date_gmt":"2016-03-23T13:45:17","guid":{"rendered":"http:\/\/nuestraproductora.com\/?page_id=205"},"modified":"2016-05-02T12:41:23","modified_gmt":"2016-05-02T12:41:23","slug":"hacemos","status":"publish","type":"page","link":"https:\/\/nuestraproductora.com\/?page_id=205","title":{"rendered":"Nuestros Servicios"},"content":{"rendered":"<p>&nbsp;<\/p>\n<h5 style=\"text-align: left;\"><span style=\"color: #993366;\">En <strong>NUESTRA<\/strong> productora nos encargamos de la creaci\u00f3n, el desarrollo y la implementaci\u00f3n de ideas, en el terreno de las artes esc\u00e9nicas.<\/span><\/h5>\n<p>&nbsp;<\/p>\n<h5 style=\"text-align: left;\"><span style=\"color: #993366;\">Provenimos del \u00e1mbito teatral y perform\u00e1tico, con m\u00e1s de 25 a\u00f1os de experiencia art\u00edstica.<\/span><\/h5>\n<h5 style=\"text-align: left;\"><span style=\"color: #993366;\">Estamos dedicados a encontrar una respuesta creativa para cada cliente, generando una soluci\u00f3n ad hoc a cada requerimiento.<\/span><\/h5>\n<h5 style=\"text-align: left;\"><span style=\"color: #993366;\">\u00a0<\/span><\/h5>\n<h5 style=\"text-align: left;\"><span style=\"color: #993366;\">Contamos con un equipo multidisciplinario conformado por prestigiosos profesionales y artistas de cada \u00e1rea.<\/span><\/h5>\n<h5 style=\"text-align: left;\"><span style=\"color: #993366;\">Juntos, transformamos tus ideas en proyectos \u00fanicos e innovadores.<\/span><\/h5>\n<h5><\/h5>\n<p>&nbsp;<\/p>\n<h5><span style=\"color: #333333;\">&#8211; Desarrollo Art\u00edstico de Campa\u00f1as de venta<\/span><\/h5>\n<h5><span style=\"color: #333333;\">&#8211; Eventos corporativos<\/span><\/h5>\n<h5><span style=\"color: #333333;\">&#8211; Eventos institucionales<\/span><\/h5>\n<h5><span style=\"color: #333333;\">&#8211; Lanzamientos de producto<\/span><\/h5>\n<h5><span style=\"color: #333333;\">&#8211; Instalaciones<\/span><\/h5>\n<h5><span style=\"color: #333333;\">&#8211; Performances en puntos de venta<\/span><\/h5>\n<h5><span style=\"color: #333333;\">&#8211; Rol playings para seminarios y convenciones<\/span><\/h5>\n<h5><span style=\"color: #333333;\">&#8211; Producci\u00f3n integral<\/span><\/h5>\n<h5><span style=\"color: #333333;\">&#8211; Coreograf\u00eda y dise\u00f1o de movimiento<\/span><\/h5>\n<h5><span style=\"color: #333333;\">&#8211; Creaci\u00f3n y desarrollo de gui\u00f3n<\/span><\/h5>\n<h5><span style=\"color: #333333;\">&#8211; Composici\u00f3n de m\u00fasica original<\/span><\/h5>\n<h5><span style=\"color: #333333;\">&#8211; Creaci\u00f3n de letra de temas musicales<\/span><\/h5>\n<h5><span style=\"color: #333333;\">&#8211; Creaci\u00f3n y grabaci\u00f3n de Jingles y Bandas<\/span><\/h5>\n<h5><span style=\"color: #333333;\">&#8211; Dise\u00f1o y realizaci\u00f3n de escenograf\u00eda<\/span><\/h5>\n<h5><span style=\"color: #333333;\">&#8211; Dise\u00f1o y realizaci\u00f3n de vestuario<\/span><\/h5>\n<h5><\/h5>\n<p>&nbsp;<\/p>\n<h4 style=\"text-align: left;\"><span style=\"color: #993366;\"><strong>Tus proyectos\u2026<\/strong><\/span><\/h4>\n<h4 style=\"text-align: left;\"><span style=\"color: #993366;\"><strong>Nuestra productora<\/strong><\/span><\/h4>\n<h4><\/h4>\n","protected":false},"excerpt":{"rendered":"<p>&nbsp; En NUESTRA productora nos encargamos de la creaci\u00f3n, el desarrollo y la implementaci\u00f3n de ideas, en el terreno de las artes esc\u00e9nicas. &nbsp; Provenimos del \u00e1mbito teatral y perform\u00e1tico, con m\u00e1s de 25 a\u00f1os de experiencia art\u00edstica. Estamos dedicados a encontrar una respuesta creativa para cada cliente, generando una soluci\u00f3n ad hoc a cada [&hellip;]<\/p>\n","protected":false},"author":1,"featured_media":0,"parent":2,"menu_order":0,"comment_status":"closed","ping_status":"closed","template":"page-fullwidth.php","meta":{"footnotes":""},"class_list":["post-205","page","type-page","status-publish","hentry"],"_links":{"self":[{"href":"https:\/\/nuestraproductora.com\/index.php?rest_route=\/wp\/v2\/pages\/205","targetHints":{"allow":["GET"]}}],"collection":[{"href":"https:\/\/nuestraproductora.com\/index.php?rest_route=\/wp\/v2\/pages"}],"about":[{"href":"https:\/\/nuestraproductora.com\/index.php?rest_route=\/wp\/v2\/types\/page"}],"author":[{"embeddable":true,"href":"https:\/\/nuestraproductora.com\/index.php?rest_route=\/wp\/v2\/users\/1"}],"replies":[{"embeddable":true,"href":"https:\/\/nuestraproductora.com\/index.php?rest_route=%2Fwp%2Fv2%2Fcomments&post=205"}],"version-history":[{"count":23,"href":"https:\/\/nuestraproductora.com\/index.php?rest_route=\/wp\/v2\/pages\/205\/revisions"}],"predecessor-version":[{"id":1051,"href":"https:\/\/nuestraproductora.com\/index.php?rest_route=\/wp\/v2\/pages\/205\/revisions\/1051"}],"up":[{"embeddable":true,"href":"https:\/\/nuestraproductora.com\/index.php?rest_route=\/wp\/v2\/pages\/2"}],"wp:attachment":[{"href":"https:\/\/nuestraproductora.com\/index.php?rest_route=%2Fwp%2Fv2%2Fmedia&parent=205"}],"curies":[{"name":"wp","href":"https:\/\/api.w.org\/{rel}","templated":true}]}}