{"id":22,"date":"2016-02-25T15:39:27","date_gmt":"2016-02-25T15:39:27","guid":{"rendered":"http:\/\/nuestraproductora.com\/?page_id=22"},"modified":"2021-12-03T11:33:44","modified_gmt":"2021-12-03T11:33:44","slug":"nuestra-bio","status":"publish","type":"page","link":"https:\/\/nuestraproductora.com\/?page_id=22","title":{"rendered":"Nuestra Bio"},"content":{"rendered":"<p><a href=\"http:\/\/nuestraproductora.com\/?attachment_id=1024\" rel=\"attachment wp-att-1024\"><img loading=\"lazy\" decoding=\"async\" class=\"alignnone wp-image-1024\" src=\"http:\/\/nuestraproductora.com\/wp-content\/uploads\/2016\/02\/P1120003-300x225.jpg\" alt=\"P1120003\" width=\"920\" height=\"690\" srcset=\"https:\/\/nuestraproductora.com\/wp-content\/uploads\/2016\/02\/P1120003-300x225.jpg 300w, https:\/\/nuestraproductora.com\/wp-content\/uploads\/2016\/02\/P1120003-768x576.jpg 768w, https:\/\/nuestraproductora.com\/wp-content\/uploads\/2016\/02\/P1120003-1024x768.jpg 1024w, https:\/\/nuestraproductora.com\/wp-content\/uploads\/2016\/02\/P1120003-920x690.jpg 920w, https:\/\/nuestraproductora.com\/wp-content\/uploads\/2016\/02\/P1120003-795x596.jpg 795w, https:\/\/nuestraproductora.com\/wp-content\/uploads\/2016\/02\/P1120003.jpg 2048w\" sizes=\"auto, (max-width: 920px) 100vw, 920px\" \/><\/a><\/p>\n<p><iframe loading=\"lazy\" src=\"https:\/\/player.vimeo.com\/video\/174707495?title=0&amp;byline=0&amp;portrait=0\" width=\"920\" height=\"518\" frameborder=\"0\" allowfullscreen=\"allowfullscreen\"><\/iframe><\/p>\n<h4><strong>Vanina Said<\/strong><\/h4>\n<h5><strong>Performer, Bailarina y Core\u00f3grafa<br \/>\n<\/strong><\/h5>\n<h5><strong>\u00a0<\/strong><\/h5>\n<h5><span style=\"color: #993366;\">Ha desarrollado una s\u00f3lida carrera, en Argentina y en distintos pa\u00edses del mundo como Jap\u00f3n, Australia, M\u00e9xico, Corea, Italia, Portugal, etc. siendo parte del reconocido grupo \u201cDe La Guarda\u201d.<\/span><\/h5>\n<h5><span style=\"color: #993366;\">Se ha desempe\u00f1ado como Performer y Assistant Choreographer de los elencos de \u201cVilla Villa\u201d y Coach del nuevo espect\u00e1culo de \u201cDe La Guarda &#8211; Hombre Vertiente\u201d, para Zaragoza, Espa\u00f1a. Fue la encargada de dirigir las audiciones para conformar los distintos elencos de \u201cDe La Guarda\u201d en giras internacionales.<\/span><\/h5>\n<h5><span style=\"color: #993366;\">En el 2010, fue integrante del elenco argentino del Musical de Broadway \u201cLa Bella y la Bestia\u201d.<\/span><\/h5>\n<h5><span style=\"color: #993366;\">En el 2011 protagoniz\u00f3 \u201cLa Hora de (no) Dormir\u201d Comedia Musical Infantil.<\/span><\/h5>\n<h5><span style=\"color: #993366;\">Particip\u00f3 del elenco de \u201cMagical Moments\u201d, para Disney y del elenco original del \u201cParque de la Costa\u201d.<\/span><\/h5>\n<h5><span style=\"color: #993366;\">En TV particip\u00f3 de \u201cHola Susana\u201d, \u201cShowmatch\u201d, \u201cS\u00e1bado Bus\u201d, \u201cBad\u00eda y C\u00eda\u201d.<\/span><\/h5>\n<h5><span style=\"color: #993366;\">Como coreografa en TV: \u201cBien Tarde\u201d(Telefe), en teatro: \u201dNellydora\u201d, \u201cInd. Arg\u201d, \u201cLas Fotos\u201d, etc. En eventos: &#8220;100 A\u00f1os de Shell&#8221;, \u201dToyota\u201d,\u201dAxe\u201d, \u201cFord Ka\u201d, \u201cCuerpos Pintados\u201d, etc.<\/span><\/h5>\n<h5><span style=\"color: #993366;\">Ha formado parte del Equipo Creativo y Coreogr\u00e1fico, en la Creaci\u00f3n y el Montaje del espect\u00e1culo &#8220;Sep7timo D\u00eda&#8221; del Cirque Du Soleil. Coach Corporal de los artistas del elenco.<\/span><\/h5>\n<h5><span style=\"color: #993366;\">Desde hace m\u00e1s de 10 a\u00f1os, dicta clases de Comedia Musical y Estilos Coreogr\u00e1ficos en las m\u00e1s prestigiosas Escuelas como: Escuela de Arte Reina Reech, Twins Tap Dance Center, Escuela Maim\u00f3nides, Jard\u00edn Amapola.<\/span><\/h5>\n<h4><strong>Vanina Said<\/strong><\/h4>\n<h5><strong>Performer, Dancer and Choreographer<br \/>\n<\/strong><\/h5>\n<h5><strong>\u00a0<\/strong><\/h5>\n<h5><span style=\"color: #993366;\">She has developed a solid career in Argentina and many countries around the World, including Japan, Australia, Mexico, Korea, Italy, Portugal, etc., being part of the renowned group &#8220;De La Guarda&#8221;.<\/span><\/h5>\n<h5><span style=\"color: #993366;\">She has worked as Assistant Choreographer and Performer with the casts of &#8220;Villa Villa&#8221; and Coaching the new &#8220;De La Guarda\u2019s Show: \u201cHombre Vertiente&#8221;, for Zaragoza, Spain. He was in charge of directing the auditions to create many of &#8220;De La Guarda&#8221; casts, on international tours.<\/span><\/h5>\n<h5><span style=\"color: #993366;\">In 2010, she was a member of the cast of &#8220;Beauty and the Beast\u201d, the Broadway Musical.<\/span><\/h5>\n<h5><span style=\"color: #993366;\">In 2011 he starred in &#8220;La Hora de (no) Dormir&#8221; Children&#8217;s Musical Comedy.<\/span><\/h5>\n<h5><span style=\"color: #993366;\">Participated in the cast of &#8220;Magical Moments&#8221; for Disney and the original cast of &#8220;Parque de la Costa&#8221;.<\/span><\/h5>\n<h5><span style=\"color: #993366;\">TV participated in &#8220;Hola Susana&#8221;, &#8220;Showmatch&#8221;, &#8220;Sabado Bus&#8221;, &#8220;Badia &amp;CO&#8221;, etc.<\/span><\/h5>\n<h5><span style=\"color: #993366;\">As a choreographer on TV: &#8220;Bien Tarde&#8221; (Telefe). Theatre: &#8220;Nellydora&#8221;, &#8220;Ind.Arg&#8221;, &#8220;The Pictures&#8221;.<\/span><\/h5>\n<h5><span style=\"color: #993366;\">On Events: &#8220;100th Shell Anniversary&#8221;, &#8220;Toyota&#8221;, &#8220;Axe&#8221;, &#8220;Ford Ka&#8221;, &#8220;Painted Bodies&#8221;, etc.<\/span><\/h5>\n<h5><span style=\"color: #993366;\">She&#8217;s been part of the Creative and Choreographic Team, in the Creation and Staging of &#8220;Sep7timo D\u00eda&#8221;, the Soda Stereo show by Cirque Du Soleil. Also worked as a Coach for their artist.<\/span><\/h5>\n<h5><span style=\"color: #993366;\">For over 10 years, teaches Musical Comedy and Choreographic Styles in the most prestigious schools such as \u201cReina Reech School of Art\u201d, \u201cTwins Tap Dance Center\u201d, \u201cMaimonides School\u201d, \u201cJard\u00edn Amapola\u201d.<\/span><\/h5>\n<p><a href=\"http:\/\/nuestraproductora.com\/?attachment_id=1014\" rel=\"attachment wp-att-1014\"><img loading=\"lazy\" decoding=\"async\" class=\"alignnone wp-image-1014\" src=\"http:\/\/nuestraproductora.com\/wp-content\/uploads\/2016\/02\/P1120858-300x225.jpg\" alt=\"P1120858\" width=\"920\" height=\"690\" srcset=\"https:\/\/nuestraproductora.com\/wp-content\/uploads\/2016\/02\/P1120858-300x225.jpg 300w, https:\/\/nuestraproductora.com\/wp-content\/uploads\/2016\/02\/P1120858-768x576.jpg 768w, https:\/\/nuestraproductora.com\/wp-content\/uploads\/2016\/02\/P1120858-1024x768.jpg 1024w, https:\/\/nuestraproductora.com\/wp-content\/uploads\/2016\/02\/P1120858-920x690.jpg 920w, https:\/\/nuestraproductora.com\/wp-content\/uploads\/2016\/02\/P1120858-795x596.jpg 795w, https:\/\/nuestraproductora.com\/wp-content\/uploads\/2016\/02\/P1120858.jpg 2048w\" sizes=\"auto, (max-width: 920px) 100vw, 920px\" \/><\/a><br \/>\n<iframe loading=\"lazy\" src=\"https:\/\/player.vimeo.com\/video\/174708880?title=0&amp;byline=0&amp;portrait=0\" width=\"920\" height=\"518\" frameborder=\"0\" allowfullscreen=\"allowfullscreen\"><\/iframe><\/p>\n<h4><strong>Diego Jaraz<\/strong><\/h4>\n<h5><strong>Arquitecto, Actor, Director, Core\u00f3grafo, Cantante y Bailar\u00edn.<\/strong><\/h5>\n<h5><span style=\"color: #993366;\">Diego Jaraz es uno de los artistas m\u00e1s reconocidos en la Comedia Musical. Particip\u00f3 en innumerables producciones como &#8220;Smokey Joe&#8217;s Cafe&#8221; (Michael), &#8220;Amadeus&#8221; (Von Strack), \u201cSweeney Todd\u201d, \u201cHairspray\u201d (Andy Collins), \u201cPiaf\u201d (Bruno), \u201cLa Bella y la Bestia\u201d (Gast\u00f3n), \u201cFiebre de S\u00e1bado por la Noche\u201d (Tony Manero), \u201cCabaret\u201d, \u201cSor-Presas\u201d, \u201cFilms: Luz, C\u00e1mara\u2026Canci\u00f3n\u201d, \u201cBroadway\u201d, \u201cVivitos y Coleando 1, 2 y 3\u201d (Dijar), \u201cCalle 42\u201d (Billy), \u201cBroadway Follies\u201d, \u201cEl Diluvio que Viene\u201d (Tot\u00f3), \u201cCats\u201d (Macavity), \u201cLocos ReCuerdos\u201d (Dijar), \u201cHello, Dolly! (Cornelius Hackl), \u201cEl Violinista en el Tejado\u201d (Fyedka), \u201cGasalla 2000\u201d (Miami y Punta del Este), \u201cLa Dama y los Vagabundos\u201d, \u201cJos\u00e9, el So\u00f1ador\u201d (M\u00e9xico DF), \u201cEl Hombre de la Mancha\u201d (Pedro), \u201cMi Bello Drag\u00f3n\u201d, \u201cSweeney Todd\u201d.<\/span><\/h5>\n<h5><span style=\"color: #993366;\">Ha bailado como solista, junto a Julio Bocca, en \u201cKuarahy\u201d (Obispo).<\/span><\/h5>\n<h5><span style=\"color: #993366;\">Particip\u00f3 como bailar\u00edn del \u201cDisney Animation Festival\u201d.<\/span><\/h5>\n<h5><span style=\"color: #993366;\">Personific\u00f3 a Per\u00f3n en el Show para el Avant premiere de la pel\u00edcula \u201cEvita\u201d.<\/span><\/h5>\n<h5><span style=\"color: #993366;\">Recientemente ha sido Director General del Musical &#8220;Smokey Joe&#8217;s Cafe&#8221;, trabajo por el cual recibi\u00f3 la nominaci\u00f3n a los Premios ACE, en el rubro Mejor Direcci\u00f3n en Musical<\/span><\/h5>\n<h5><span style=\"color: #993366;\">Fue Director Creativo de la Divisi\u00f3n Eventos de Romay Producciones y Director Art\u00edstico de la Escuela de Arte Moria Cas\u00e1n.<\/span><\/h5>\n<h5><span style=\"color: #993366;\">Recientemente ha sido Guionista, Core\u00f3grafo y Director General del Pocket Show de Paw Patrol, para Nickelodeon.<\/span><\/h5>\n<h5><span style=\"color: #993366;\">En TV se destac\u00f3 en programas como \u201cPrimicias\u201d, \u201cSin C\u00f3digo\u201d, \u201cCulpables\u201d, \u201cBuenos Vecinos\u201d, \u201cAmor M\u00edo\u201d (M\u00e9xico), \u201cSos Mi Vida\u201d, \u201cSocias\u201d, &#8220;Los \u00danicos&#8221;, \u201cB&amp;B\u201d, etc.<\/span><\/h5>\n<h5><span style=\"color: #993366;\">Como director, mont\u00f3 \u201cGrease\u201d en el St. George\u2019s, \u201cA Little Bit of Broadway\u201d (Punta del Este y Buenos Aires), \u201cLa Revista de San Luis\u201d, donde tambi\u00e9n se desempe\u00f1o como core\u00f3grafo.<\/span><\/h5>\n<h5><span style=\"color: #993366;\">Fue Director General de &#8220;Sentir Amares&#8221;, Director Creativo de &#8220;Pany&#8217;c Attack&#8221;, y ha dirigido numerosos Eventos y Concerts para diversas empresas e Instituciones.<\/span><\/h5>\n<h5><span style=\"color: #993366;\">Fue Director Asociado y Director Creativo del Musical \u201cCasi Normales\u201d (\u201cNext to Normal\u201d) y Coach Actoral en el programa Playground Disney en Argentina, M\u00e9xico y Brasil, para el canal Disney Junior.<\/span><\/h5>\n<h5><span style=\"color: #993366;\">Ha creado e interpretado reconocidos Jingles y temas musicales para empresas, television y radio.<\/span><\/h5>\n<h5><span style=\"color: #993366;\">En su actividad como core\u00f3grafo para TV trabaj\u00f3 en \u201cCalientes\u201d, \u201cEl Sodero de mi Vida\u201d, \u201cEl Refugio\u201d, \u201cEl Patr\u00f3n de la Vereda\u201d, \u201cSos mi Vida\u201d, \u201cPlayhouse Disney\u201d (Argentina, M\u00e9xico y Brasil).<\/span><\/h5>\n<h5><span style=\"color: #993366;\">Fue core\u00f3grafo de \u201cLas Porristas de Boca\u201d, y creador de \u201cLas Acad\u00e9micas\u201d, grupo de porristas de Racing Club.<\/span><\/h5>\n<h5><span style=\"color: #993366;\">Trabaj\u00f3 como core\u00f3grafo en el Desfile de Giordano para 7 Up Ligth, en Punta del Este y Pinamar.<\/span><\/h5>\n<h5><\/h5>\n<h4><strong>Diego Jaraz<\/strong><\/h4>\n<h5><strong>Architect, Actor, director, choreographer, singer and dancer.<\/strong><\/h5>\n<h5><span style=\"color: #993366;\">Diego Jaraz is one of the most recognized artists in the World of Musical Theatre. He participated in many productions including &#8220;Smokey Joe&#8217;s Cafe (Michael), &#8220;Amadeus&#8221; (Von Strack), Sweeney Todd&#8221;, &#8220;Hairspray&#8221; (Corny Collins), &#8220;Piaf&#8221; (Bruno), &#8220;Beauty and the Beast&#8221; (Gaston), &#8220;Saturday Night Fever&#8221; (Tony Manero), &#8221; Cabaret\u201d, &#8220;Nunsenses&#8221;, &#8220;Films: Lights, Camera&#8230; Song&#8221;, &#8220;Broadway&#8221;, &#8221; Vivitos y Colenado 1, 2 and 3&#8243; (Dijar),&#8221;42nd Street&#8221; (Billy), &#8220;Broadway Follies&#8221;, &#8220;El Diluvio que Viene&#8221; (Toto), &#8220;Cats&#8221; (Macavity), &#8220;Locos ReCuerdos&#8221; (Dijar), &#8220;Hello, Dolly! (Cornelius Hackl), &#8220;Fiddler on the Roof&#8221; (Fyedka), &#8220;Gasalla 2000&#8221; (Miami and Punta del Este), &#8220;The Lady and the Tramps&#8221;, &#8220;Joseph and the Amazing Technicolor Dreamcoat&#8221; (Mexico City), &#8220;Man of la Mancha&#8221; (Pedro), &#8220;Mi Bello Dragon,&#8221; (White Knight), &#8220;Sweeney Todd&#8221;.<\/span><\/h5>\n<h5><span style=\"color: #993366;\">He has recently been General Director of the Musical &#8220;Smokey Joe&#8217;s Cafe&#8221;, work for which he received the ACE Award nomination, in the category Best Direction in a Musical<\/span><\/h5>\n<h5><span style=\"color: #993366;\">He has danced as a soloist, with Julio Bocca, in &#8220;Kuarahy&#8221; (Bishop).<\/span><\/h5>\n<h5><span style=\"color: #993366;\">He participated as a dancer in the &#8220;Disney Animation Festival&#8221;.<\/span><\/h5>\n<h5><span style=\"color: #993366;\">Peron portrayed on the show for the avant premiere of the film &#8220;Evita.&#8221;<\/span><\/h5>\n<h5><span style=\"color: #993366;\">He was Creative Director of the Division Romay Events Productions and Artistic Director of the School of Art Moria Casan.<\/span><\/h5>\n<h5><span style=\"color: #993366;\">He has recently been Writer, Choreographer and General Director of Paw Patrol&#8217;s Pocket Show, for Nickelodeon.<\/span><\/h5>\n<h5><span style=\"color: #993366;\">Highlighted in TV shows like \u201cPrimicias\u201d, \u201cSin C\u00f3digo\u201d, \u201cCulpables\u201d, \u201cBuenos Vecinos\u201d, \u201cAmor M\u00edo\u201d (M\u00e9xico), \u201cSos Mi Vida\u201d, \u201cSocias\u201d, \u201cB&amp;B\u201d, \u201cLos Unicos\u201d, etc.<\/span><\/h5>\n<h5><span style=\"color: #993366;\">As a director, staged &#8220;Grease&#8221; at St. George&#8217;s, &#8220;A Little Bit of Broadway&#8221; (Punta del Este and Buenos Aires), &#8220;La Revista de San Luis,&#8221; which also worked as the choreographer.<\/span><\/h5>\n<h5><span style=\"color: #993366;\">He was General Director of &#8220;Sentir Amares&#8221;; Creative Director of &#8220;Pany&#8217;c Attack&#8221;, and has directed numerous events and Concerts for many companies and institutions.<\/span><\/h5>\n<h5><span style=\"color: #993366;\">He was Associate Director and Creative Director of the Musical &#8220;Casi Normales&#8221; (&#8220;Next to Normal&#8221;) in Buenos Aires, Argentina and Acting Coach for the Tv program Playground Disney (Argentina, M\u00e9xico and Brazil) for Disney Junior Channel.<\/span><\/h5>\n<h5><span style=\"color: #993366;\">He created and performed in many well known songs Jingles for television and radio spots.<\/span><\/h5>\n<h5><span style=\"color: #993366;\">In his work as a choreographer for TV work on &#8220;Calientes&#8221;, &#8220;El Sodero de mi Vida&#8221;, &#8220;El Refugio&#8221;, &#8220;El Patron de la Vereda&#8221;, &#8220;Sos mi Vida&#8221;, \u201cLos Graduados\u201d, &#8220;Playhouse Disney&#8221; (Argentina, Mexico and Brazil ).<\/span><\/h5>\n<h5><span style=\"color: #993366;\">He was the choreographer of &#8220;The Boca Juniors Cheerleaders Team&#8221; and the creator of &#8220;Las Academicas&#8221; cheerleading group for \u201cRacing Club\u201d soccer team.<\/span><\/h5>\n<h5><span style=\"color: #993366;\">He worked as a choreographer in the Giordano\u2019s Fashion Show for 7-Up Ligth, in Punta del Este and Pinamar.<\/span><\/h5>\n","protected":false},"excerpt":{"rendered":"<p>Vanina Said Performer, Bailarina y Core\u00f3grafa \u00a0 Ha desarrollado una s\u00f3lida carrera, en Argentina y en distintos pa\u00edses del mundo como Jap\u00f3n, Australia, M\u00e9xico, Corea, Italia, Portugal, etc. siendo parte del reconocido grupo \u201cDe La Guarda\u201d. Se ha desempe\u00f1ado como Performer y Assistant Choreographer de los elencos de \u201cVilla Villa\u201d y Coach del nuevo espect\u00e1culo [&hellip;]<\/p>\n","protected":false},"author":1,"featured_media":0,"parent":0,"menu_order":4,"comment_status":"closed","ping_status":"closed","template":"page-fullwidth.php","meta":{"footnotes":""},"class_list":["post-22","page","type-page","status-publish","hentry"],"_links":{"self":[{"href":"https:\/\/nuestraproductora.com\/index.php?rest_route=\/wp\/v2\/pages\/22","targetHints":{"allow":["GET"]}}],"collection":[{"href":"https:\/\/nuestraproductora.com\/index.php?rest_route=\/wp\/v2\/pages"}],"about":[{"href":"https:\/\/nuestraproductora.com\/index.php?rest_route=\/wp\/v2\/types\/page"}],"author":[{"embeddable":true,"href":"https:\/\/nuestraproductora.com\/index.php?rest_route=\/wp\/v2\/users\/1"}],"replies":[{"embeddable":true,"href":"https:\/\/nuestraproductora.com\/index.php?rest_route=%2Fwp%2Fv2%2Fcomments&post=22"}],"version-history":[{"count":67,"href":"https:\/\/nuestraproductora.com\/index.php?rest_route=\/wp\/v2\/pages\/22\/revisions"}],"predecessor-version":[{"id":2418,"href":"https:\/\/nuestraproductora.com\/index.php?rest_route=\/wp\/v2\/pages\/22\/revisions\/2418"}],"wp:attachment":[{"href":"https:\/\/nuestraproductora.com\/index.php?rest_route=%2Fwp%2Fv2%2Fmedia&parent=22"}],"curies":[{"name":"wp","href":"https:\/\/api.w.org\/{rel}","templated":true}]}}