{"id":89,"date":"2016-02-26T04:18:09","date_gmt":"2016-02-26T04:18:09","guid":{"rendered":"http:\/\/nuestraproductora.com\/?page_id=89"},"modified":"2021-12-03T11:34:16","modified_gmt":"2021-12-03T11:34:16","slug":"vanina-said","status":"publish","type":"page","link":"https:\/\/nuestraproductora.com\/?page_id=89","title":{"rendered":"Vanina Said"},"content":{"rendered":"<p><a href=\"http:\/\/nuestraproductora.com\/?attachment_id=1024\" rel=\"attachment wp-att-1024\"><img loading=\"lazy\" decoding=\"async\" class=\"alignnone wp-image-1024\" src=\"http:\/\/nuestraproductora.com\/wp-content\/uploads\/2016\/02\/P1120003-300x225.jpg\" alt=\"P1120003\" width=\"920\" height=\"690\" srcset=\"https:\/\/nuestraproductora.com\/wp-content\/uploads\/2016\/02\/P1120003-300x225.jpg 300w, https:\/\/nuestraproductora.com\/wp-content\/uploads\/2016\/02\/P1120003-768x576.jpg 768w, https:\/\/nuestraproductora.com\/wp-content\/uploads\/2016\/02\/P1120003-1024x768.jpg 1024w, https:\/\/nuestraproductora.com\/wp-content\/uploads\/2016\/02\/P1120003-920x690.jpg 920w, https:\/\/nuestraproductora.com\/wp-content\/uploads\/2016\/02\/P1120003-795x596.jpg 795w, https:\/\/nuestraproductora.com\/wp-content\/uploads\/2016\/02\/P1120003.jpg 2048w\" sizes=\"auto, (max-width: 920px) 100vw, 920px\" \/><\/a><\/p>\n<p><iframe loading=\"lazy\" src=\"https:\/\/player.vimeo.com\/video\/174707495?title=0&amp;byline=0&amp;portrait=0\" width=\"920\" height=\"518\" frameborder=\"0\" allowfullscreen=\"allowfullscreen\"><\/iframe><\/p>\n<h4><strong>Vanina Said<\/strong><\/h4>\n<h5><strong>Performer, Bailarina y Core\u00f3grafa<br \/>\n<\/strong><\/h5>\n<h5><strong>\u00a0<\/strong><\/h5>\n<h5><span style=\"color: #993366;\">Ha desarrollado una s\u00f3lida carrera, en Argentina y en distintos pa\u00edses del mundo como Jap\u00f3n, Australia, M\u00e9xico, Corea, Italia, Portugal, etc. siendo parte del reconocido grupo \u201cDe La Guarda\u201d.<\/span><\/h5>\n<h5><span style=\"color: #993366;\">Se ha desempe\u00f1ado como Performer y Assistant Choreographer de los elencos de \u201cVilla Villa\u201d y Coach del nuevo espect\u00e1culo de \u201cDe La Guarda &#8211; Hombre Vertiente\u201d, para Zaragoza, Espa\u00f1a. Fue la encargada de dirigir las audiciones para conformar los distintos elencos de \u201cDe La Guarda\u201d en giras internacionales.<\/span><\/h5>\n<h5><span style=\"color: #993366;\">En el 2010, fue integrante del elenco argentino del Musical de Broadway \u201cLa Bella y la Bestia\u201d.<\/span><\/h5>\n<h5><span style=\"color: #993366;\">En el 2011 protagoniz\u00f3 \u201cLa Hora de (no) Dormir\u201d Comedia Musical Infantil.<\/span><\/h5>\n<h5><span style=\"color: #993366;\">Particip\u00f3 del elenco de \u201cMagical Moments\u201d, para Disney y del elenco original del \u201cParque de la Costa\u201d.<\/span><\/h5>\n<h5><span style=\"color: #993366;\">En TV particip\u00f3 de \u201cHola Susana\u201d, \u201cShowmatch\u201d, \u201cS\u00e1bado Bus\u201d, \u201cBad\u00eda y C\u00eda\u201d.<\/span><\/h5>\n<h5><span style=\"color: #993366;\">Como coreografa en TV: \u201cBien Tarde\u201d(Telefe), en teatro: \u201dNellydora\u201d, \u201cInd. Arg\u201d, \u201cLas Fotos\u201d, etc. En eventos: &#8220;100 A\u00f1os de Shell&#8221;, \u201dToyota\u201d,\u201dAxe\u201d, \u201cFord Ka\u201d, \u201cCuerpos Pintados\u201d, etc.<\/span><\/h5>\n<h5><span style=\"color: #993366;\">Ha formado parte del Equipo Creativo y Coreogr\u00e1fico, en la Creaci\u00f3n y el Montaje del espect\u00e1culo &#8220;Sep7timo D\u00eda&#8221; del Cirque Du Soleil. Coach Corporal de los artistas del elenco.<\/span><\/h5>\n<h5><span style=\"color: #993366;\">Desde hace m\u00e1s de 10 a\u00f1os, dicta clases de Comedia Musical y Estilos Coreogr\u00e1ficos en las m\u00e1s prestigiosas Escuelas como: Escuela de Arte Reina Reech, Twins Tap Dance Center, Escuela Maim\u00f3nides, Jard\u00edn Amapola.<\/span><\/h5>\n<h4><strong>Vanina Said<\/strong><\/h4>\n<h5><strong>Performer, Dancer and Choreographer<br \/>\n<\/strong><\/h5>\n<h5><strong>\u00a0<\/strong><\/h5>\n<h5><span style=\"color: #993366;\">She has developed a solid career in Argentina and many countries around the World, including Japan, Australia, Mexico, Korea, Italy, Portugal, etc., being part of the renowned group &#8220;De La Guarda&#8221;.<\/span><\/h5>\n<h5><span style=\"color: #993366;\">She has worked as Assistant Choreographer and Performer with the casts of &#8220;Villa Villa&#8221; and Coaching the new &#8220;De La Guarda\u2019s Show: \u201cHombre Vertiente&#8221;, for Zaragoza, Spain. He was in charge of directing the auditions to create many of &#8220;De La Guarda&#8221; casts, on international tours.<\/span><\/h5>\n<h5><span style=\"color: #993366;\">In 2010, she was a member of the cast of &#8220;Beauty and the Beast\u201d, the Broadway Musical.<\/span><\/h5>\n<h5><span style=\"color: #993366;\">In 2011 he starred in &#8220;La Hora de (no) Dormir&#8221; Children&#8217;s Musical Comedy.<\/span><\/h5>\n<h5><span style=\"color: #993366;\">Participated in the cast of &#8220;Magical Moments&#8221; for Disney and the original cast of &#8220;Parque de la Costa&#8221;.<\/span><\/h5>\n<h5><span style=\"color: #993366;\">TV participated in &#8220;Hola Susana&#8221;, &#8220;Showmatch&#8221;, &#8220;Sabado Bus&#8221;, &#8220;Badia &amp;CO&#8221;, etc.<\/span><\/h5>\n<h5><span style=\"color: #993366;\">As a choreographer on TV: &#8220;Bien Tarde&#8221; (Telefe). Theatre: &#8220;Nellydora&#8221;, &#8220;Ind.Arg&#8221;, &#8220;The Pictures&#8221;.<\/span><\/h5>\n<h5><span style=\"color: #993366;\">On Events: &#8220;100th Shell Anniversary&#8221;, &#8220;Toyota&#8221;, &#8220;Axe&#8221;, &#8220;Ford Ka&#8221;, &#8220;Painted Bodies&#8221;, etc.<\/span><\/h5>\n<h5><span style=\"color: #993366;\">She&#8217;s been part of the Creative and Choreographic Team, in the Creation and Staging of &#8220;Sep7timo D\u00eda&#8221;, the Soda Stereo show by Cirque Du Soleil. Also worked as a Coach for their artist.<\/span><\/h5>\n<h5><span style=\"color: #993366;\">For over 10 years, teaches Musical Comedy and Choreographic Styles in the most prestigious schools such as \u201cReina Reech School of Art\u201d, \u201cTwins Tap Dance Center\u201d, \u201cMaimonides School\u201d, \u201cJard\u00edn Amapola\u201d.<\/span><\/h5>\n<p><iframe loading=\"lazy\" src=\"https:\/\/player.vimeo.com\/video\/211414108?title=0&amp;byline=0&amp;portrait=0\" width=\"920\" height=\"518\" frameborder=\"0\" allowfullscreen=\"allowfullscreen\"><\/iframe><\/p>\n","protected":false},"excerpt":{"rendered":"<p>Vanina Said Performer, Bailarina y Core\u00f3grafa \u00a0 Ha desarrollado una s\u00f3lida carrera, en Argentina y en distintos pa\u00edses del mundo como Jap\u00f3n, Australia, M\u00e9xico, Corea, Italia, Portugal, etc. siendo parte del reconocido grupo \u201cDe La Guarda\u201d. Se ha desempe\u00f1ado como Performer y Assistant Choreographer de los elencos de \u201cVilla Villa\u201d y Coach del nuevo espect\u00e1culo [&hellip;]<\/p>\n","protected":false},"author":1,"featured_media":0,"parent":22,"menu_order":0,"comment_status":"closed","ping_status":"closed","template":"page-fullwidth.php","meta":{"footnotes":""},"class_list":["post-89","page","type-page","status-publish","hentry"],"_links":{"self":[{"href":"https:\/\/nuestraproductora.com\/index.php?rest_route=\/wp\/v2\/pages\/89","targetHints":{"allow":["GET"]}}],"collection":[{"href":"https:\/\/nuestraproductora.com\/index.php?rest_route=\/wp\/v2\/pages"}],"about":[{"href":"https:\/\/nuestraproductora.com\/index.php?rest_route=\/wp\/v2\/types\/page"}],"author":[{"embeddable":true,"href":"https:\/\/nuestraproductora.com\/index.php?rest_route=\/wp\/v2\/users\/1"}],"replies":[{"embeddable":true,"href":"https:\/\/nuestraproductora.com\/index.php?rest_route=%2Fwp%2Fv2%2Fcomments&post=89"}],"version-history":[{"count":17,"href":"https:\/\/nuestraproductora.com\/index.php?rest_route=\/wp\/v2\/pages\/89\/revisions"}],"predecessor-version":[{"id":2419,"href":"https:\/\/nuestraproductora.com\/index.php?rest_route=\/wp\/v2\/pages\/89\/revisions\/2419"}],"up":[{"embeddable":true,"href":"https:\/\/nuestraproductora.com\/index.php?rest_route=\/wp\/v2\/pages\/22"}],"wp:attachment":[{"href":"https:\/\/nuestraproductora.com\/index.php?rest_route=%2Fwp%2Fv2%2Fmedia&parent=89"}],"curies":[{"name":"wp","href":"https:\/\/api.w.org\/{rel}","templated":true}]}}