{"id":93,"date":"2016-02-26T04:19:13","date_gmt":"2016-02-26T04:19:13","guid":{"rendered":"http:\/\/nuestraproductora.com\/?page_id=93"},"modified":"2017-04-03T17:40:02","modified_gmt":"2017-04-03T17:40:02","slug":"diego-jaraz","status":"publish","type":"page","link":"https:\/\/nuestraproductora.com\/?page_id=93","title":{"rendered":"Diego Jaraz"},"content":{"rendered":"<p><a href=\"http:\/\/nuestraproductora.com\/?attachment_id=1014\" rel=\"attachment wp-att-1014\"><img loading=\"lazy\" decoding=\"async\" class=\"alignnone wp-image-1014\" src=\"http:\/\/nuestraproductora.com\/wp-content\/uploads\/2016\/02\/P1120858-300x225.jpg\" alt=\"P1120858\" width=\"920\" height=\"690\" srcset=\"https:\/\/nuestraproductora.com\/wp-content\/uploads\/2016\/02\/P1120858-300x225.jpg 300w, https:\/\/nuestraproductora.com\/wp-content\/uploads\/2016\/02\/P1120858-768x576.jpg 768w, https:\/\/nuestraproductora.com\/wp-content\/uploads\/2016\/02\/P1120858-1024x768.jpg 1024w, https:\/\/nuestraproductora.com\/wp-content\/uploads\/2016\/02\/P1120858-920x690.jpg 920w, https:\/\/nuestraproductora.com\/wp-content\/uploads\/2016\/02\/P1120858-795x596.jpg 795w, https:\/\/nuestraproductora.com\/wp-content\/uploads\/2016\/02\/P1120858.jpg 2048w\" sizes=\"auto, (max-width: 920px) 100vw, 920px\" \/><\/a><\/p>\n<p><iframe loading=\"lazy\" src=\"https:\/\/player.vimeo.com\/video\/174708880?title=0&#038;byline=0&#038;portrait=0\" width=\"920\" height=\"518\" frameborder=\"0\" webkitallowfullscreen mozallowfullscreen allowfullscreen><\/iframe><br \/>\n&nbsp;<\/p>\n<h4><strong>Diego Jaraz<\/strong><\/h4>\n<h5><strong>Arquitecto, Actor, Director, Core\u00f3grafo, Cantante y Bailar\u00edn.<\/strong><\/h5>\n<p>&nbsp;<\/p>\n<h5><span style=\"color: #993366;\">Diego Jaraz es uno de los artistas m\u00e1s reconocidos en la Comedia Musical. Particip\u00f3 en innumerables producciones como &#8220;Smokey Joe&#8217;s Cafe&#8221; (Michael), &#8220;Amadeus&#8221; (Von Strack), \u201cSweeney Todd\u201d, \u201cHairspray\u201d (Andy Collins), \u201cPiaf\u201d (Bruno), \u201cLa Bella y la Bestia\u201d (Gast\u00f3n), \u201cFiebre de S\u00e1bado por la Noche\u201d (Tony Manero), \u201cCabaret\u201d, \u201cSor-Presas\u201d, \u201cFilms: Luz, C\u00e1mara\u2026Canci\u00f3n\u201d, \u201cBroadway\u201d, \u201cVivitos y Coleando 1, 2 y 3\u201d (Dijar), \u201cCalle 42\u201d (Billy), \u201cBroadway Follies\u201d, \u201cEl Diluvio que Viene\u201d (Tot\u00f3), \u201cCats\u201d (Macavity), \u201cLocos ReCuerdos\u201d (Dijar), \u201cHello, Dolly! (Cornelius Hackl), \u201cEl Violinista en el Tejado\u201d (Fyedka), \u201cGasalla 2000\u201d (Miami y Punta del Este), \u201cLa Dama y los Vagabundos\u201d, \u201cJos\u00e9, el So\u00f1ador\u201d (M\u00e9xico DF), \u201cEl Hombre de la Mancha\u201d (Pedro), \u201cMi Bello Drag\u00f3n\u201d, \u201cSweeney Todd\u201d.<\/span><\/h5>\n<h5><span style=\"color: #993366;\">Ha bailado como solista, junto a Julio Bocca, en \u201cKuarahy\u201d (Obispo).<\/span><\/h5>\n<h5><span style=\"color: #993366;\">Particip\u00f3 como bailar\u00edn del \u201cDisney Animation Festival\u201d.<\/span><\/h5>\n<h5><span style=\"color: #993366;\">Personific\u00f3 a Per\u00f3n en el Show para el Avant premiere de la pel\u00edcula \u201cEvita\u201d.<\/span><\/h5>\n<h5><span style=\"color: #993366;\">Recientemente ha sido Director General del Musical &#8220;Smokey Joe&#8217;s Cafe&#8221;, trabajo por el cual recibi\u00f3 la nominaci\u00f3n a los Premios ACE, en el rubro Mejor Direcci\u00f3n en Musical<\/span><\/h5>\n<h5><span style=\"color: #993366;\">Fue Director Creativo de la Divisi\u00f3n Eventos de Romay Producciones y Director Art\u00edstico de la Escuela de Arte Moria Cas\u00e1n.<\/span><\/h5>\n<h5><span style=\"color: #993366;\">Recientemente ha sido Guionista, Core\u00f3grafo y Director General del Pocket Show de Paw Patrol, para Nickelodeon.<\/span><\/h5>\n<h5><span style=\"color: #993366;\">En TV se destac\u00f3 en programas como \u201cPrimicias\u201d, \u201cSin C\u00f3digo\u201d, \u201cCulpables\u201d, \u201cBuenos Vecinos\u201d, \u201cAmor M\u00edo\u201d (M\u00e9xico), \u201cSos Mi Vida\u201d, \u201cSocias\u201d, &#8220;Los \u00danicos&#8221;, \u201cB&amp;B\u201d, etc.<\/span><\/h5>\n<h5><span style=\"color: #993366;\">Como director, mont\u00f3 \u201cGrease\u201d en el St. George\u2019s, \u201cA Little Bit of Broadway\u201d (Punta del Este y Buenos Aires), \u201cLa Revista de San Luis\u201d, donde tambi\u00e9n se desempe\u00f1o como core\u00f3grafo.<\/span><\/h5>\n<h5><span style=\"color: #993366;\">Fue Director General de &#8220;Sentir Amares&#8221;, Director Creativo de &#8220;Pany&#8217;c Attack&#8221;, y ha dirigido numerosos Eventos y Concerts para diversas empresas e Instituciones.<\/span><\/h5>\n<h5><span style=\"color: #993366;\">Fue Director Asociado y Director Creativo del Musical \u201cCasi Normales\u201d (\u201cNext to Normal\u201d) y Coach Actoral en el programa Playground Disney en Argentina, M\u00e9xico y Brasil, para el canal Disney Junior.<\/span><\/h5>\n<h5><span style=\"color: #993366;\">Ha creado e interpretado reconocidos Jingles y temas musicales para empresas, television y radio.<\/span><\/h5>\n<h5><span style=\"color: #993366;\">En su actividad como core\u00f3grafo para TV trabaj\u00f3 en \u201cCalientes\u201d, \u201cEl Sodero de mi Vida\u201d, \u201cEl Refugio\u201d, \u201cEl Patr\u00f3n de la Vereda\u201d, \u201cSos mi Vida\u201d, \u201cPlayhouse Disney\u201d (Argentina, M\u00e9xico y Brasil).<\/span><\/h5>\n<h5><span style=\"color: #993366;\">Fue core\u00f3grafo de \u201cLas Porristas de Boca\u201d, y creador de \u201cLas Acad\u00e9micas\u201d, grupo de porristas de Racing Club.<\/span><\/h5>\n<h5><span style=\"color: #993366;\">Trabaj\u00f3 como core\u00f3grafo en el Desfile de Giordano para 7 Up Ligth, en Punta del Este y Pinamar.<\/span><\/h5>\n<p>&nbsp;<\/p>\n<h5><\/h5>\n<h4><strong>Diego Jaraz<\/strong><\/h4>\n<h5><strong>Architect, Actor, director, choreographer, singer and dancer.<\/strong><\/h5>\n<p>&nbsp;<\/p>\n<h5><span style=\"color: #993366;\">Diego Jaraz is one of the most recognized artists in the World of Musical Theatre. He participated in many productions including &#8220;Smokey Joe&#8217;s Cafe (Michael), &#8220;Amadeus&#8221; (Von Strack), Sweeney Todd&#8221;, &#8220;Hairspray&#8221; (Corny Collins), &#8220;Piaf&#8221; (Bruno), &#8220;Beauty and the Beast&#8221; (Gaston), &#8220;Saturday Night Fever&#8221; (Tony Manero), &#8221; Cabaret\u201d, &#8220;Nunsenses&#8221;, &#8220;Films: Lights, Camera&#8230; Song&#8221;, &#8220;Broadway&#8221;, &#8221; Vivitos y Colenado 1, 2 and 3&#8243; (Dijar),&#8221;42nd Street&#8221; (Billy), &#8220;Broadway Follies&#8221;, &#8220;El Diluvio que Viene&#8221; (Toto), &#8220;Cats&#8221; (Macavity), &#8220;Locos ReCuerdos&#8221; (Dijar), &#8220;Hello, Dolly! (Cornelius Hackl), &#8220;Fiddler on the Roof&#8221; (Fyedka), &#8220;Gasalla 2000&#8221; (Miami and Punta del Este), &#8220;The Lady and the Tramps&#8221;, &#8220;Joseph and the Amazing Technicolor Dreamcoat&#8221; (Mexico City), &#8220;Man of la Mancha&#8221; (Pedro), &#8220;Mi Bello Dragon,&#8221; (White Knight), &#8220;Sweeney Todd&#8221;.<\/span><\/h5>\n<h5><span style=\"color: #993366;\">He has recently been General Director of the Musical &#8220;Smokey Joe&#8217;s Cafe&#8221;, work for which he received the ACE Award nomination, in the category Best Direction in a Musical<\/span><\/h5>\n<h5><span style=\"color: #993366;\">He has danced as a soloist, with Julio Bocca, in &#8220;Kuarahy&#8221; (Bishop).<\/span><\/h5>\n<h5><span style=\"color: #993366;\">He participated as a dancer in the &#8220;Disney Animation Festival&#8221;.<\/span><\/h5>\n<h5><span style=\"color: #993366;\">Peron portrayed on the show for the avant premiere of the film &#8220;Evita.&#8221;<\/span><\/h5>\n<h5><span style=\"color: #993366;\">He was Creative Director of the Division Romay Events Productions and Artistic Director of the School of Art Moria Casan.<\/span><\/h5>\n<h5><span style=\"color: #993366;\">He has recently been Writer, Choreographer and General Director of Paw Patrol&#8217;s Pocket Show, for Nickelodeon.<\/span><\/h5>\n<h5><span style=\"color: #993366;\">Highlighted in TV shows like \u201cPrimicias\u201d, \u201cSin C\u00f3digo\u201d, \u201cCulpables\u201d, \u201cBuenos Vecinos\u201d, \u201cAmor M\u00edo\u201d (M\u00e9xico), \u201cSos Mi Vida\u201d, \u201cSocias\u201d, \u201cB&amp;B\u201d, \u201cLos Unicos\u201d, etc.<\/span><\/h5>\n<h5><span style=\"color: #993366;\">As a director, staged &#8220;Grease&#8221; at St. George&#8217;s, &#8220;A Little Bit of Broadway&#8221; (Punta del Este and Buenos Aires), &#8220;La Revista de San Luis,&#8221; which also worked as the choreographer.<\/span><\/h5>\n<h5><span style=\"color: #993366;\">He was General Director of &#8220;Sentir Amares&#8221;; Creative Director of &#8220;Pany&#8217;c Attack&#8221;, and has directed numerous events and Concerts for many companies and institutions.<\/span><\/h5>\n<h5><span style=\"color: #993366;\">He was Associate Director and Creative Director of the Musical &#8220;Casi Normales&#8221; (&#8220;Next to Normal&#8221;) in Buenos Aires, Argentina and Acting Coach for the Tv program Playground Disney (Argentina, M\u00e9xico and Brazil) for Disney Junior Channel.<\/span><\/h5>\n<h5><span style=\"color: #993366;\">He created and performed in many well known songs Jingles for television and radio spots.<\/span><\/h5>\n<h5><span style=\"color: #993366;\">In his work as a choreographer for TV work on &#8220;Calientes&#8221;, &#8220;El Sodero de mi Vida&#8221;, &#8220;El Refugio&#8221;, &#8220;El Patron de la Vereda&#8221;, &#8220;Sos mi Vida&#8221;, \u201cLos Graduados\u201d, &#8220;Playhouse Disney&#8221; (Argentina, Mexico and Brazil ).<\/span><\/h5>\n<h5><span style=\"color: #993366;\">He was the choreographer of &#8220;The Boca Juniors Cheerleaders Team&#8221; and the creator of &#8220;Las Academicas&#8221; cheerleading group for \u201cRacing Club\u201d soccer team.<\/span><\/h5>\n<h5><span style=\"color: #993366;\">He worked as a choreographer in the Giordano\u2019s Fashion Show for 7-Up Ligth, in Punta del Este and Pinamar.<\/span><\/h5>\n<p>&nbsp;<\/p>\n","protected":false},"excerpt":{"rendered":"<p>&nbsp; Diego Jaraz Arquitecto, Actor, Director, Core\u00f3grafo, Cantante y Bailar\u00edn. &nbsp; Diego Jaraz es uno de los artistas m\u00e1s reconocidos en la Comedia Musical. Particip\u00f3 en innumerables producciones como &#8220;Smokey Joe&#8217;s Cafe&#8221; (Michael), &#8220;Amadeus&#8221; (Von Strack), \u201cSweeney Todd\u201d, \u201cHairspray\u201d (Andy Collins), \u201cPiaf\u201d (Bruno), \u201cLa Bella y la Bestia\u201d (Gast\u00f3n), \u201cFiebre de S\u00e1bado por la Noche\u201d [&hellip;]<\/p>\n","protected":false},"author":1,"featured_media":0,"parent":22,"menu_order":0,"comment_status":"closed","ping_status":"closed","template":"page-fullwidth.php","meta":{"footnotes":""},"class_list":["post-93","page","type-page","status-publish","hentry"],"_links":{"self":[{"href":"https:\/\/nuestraproductora.com\/index.php?rest_route=\/wp\/v2\/pages\/93","targetHints":{"allow":["GET"]}}],"collection":[{"href":"https:\/\/nuestraproductora.com\/index.php?rest_route=\/wp\/v2\/pages"}],"about":[{"href":"https:\/\/nuestraproductora.com\/index.php?rest_route=\/wp\/v2\/types\/page"}],"author":[{"embeddable":true,"href":"https:\/\/nuestraproductora.com\/index.php?rest_route=\/wp\/v2\/users\/1"}],"replies":[{"embeddable":true,"href":"https:\/\/nuestraproductora.com\/index.php?rest_route=%2Fwp%2Fv2%2Fcomments&post=93"}],"version-history":[{"count":29,"href":"https:\/\/nuestraproductora.com\/index.php?rest_route=\/wp\/v2\/pages\/93\/revisions"}],"predecessor-version":[{"id":1216,"href":"https:\/\/nuestraproductora.com\/index.php?rest_route=\/wp\/v2\/pages\/93\/revisions\/1216"}],"up":[{"embeddable":true,"href":"https:\/\/nuestraproductora.com\/index.php?rest_route=\/wp\/v2\/pages\/22"}],"wp:attachment":[{"href":"https:\/\/nuestraproductora.com\/index.php?rest_route=%2Fwp%2Fv2%2Fmedia&parent=93"}],"curies":[{"name":"wp","href":"https:\/\/api.w.org\/{rel}","templated":true}]}}